{"id":1128,"date":"2022-10-28T12:02:22","date_gmt":"2022-10-28T12:02:22","guid":{"rendered":"https:\/\/itumtal.com\/?page_id=1128"},"modified":"2022-10-28T12:02:22","modified_gmt":"2022-10-28T12:02:22","slug":"minik-arilar-kodlama-senligi","status":"publish","type":"page","link":"https:\/\/itumtal.com\/index.php\/minik-arilar-kodlama-senligi\/","title":{"rendered":"Minik Ar\u0131lar Kodlama \u015eenli\u011fi"},"content":{"rendered":"","protected":false},"excerpt":{"rendered":"","protected":false},"author":1,"featured_media":0,"parent":0,"menu_order":0,"comment_status":"closed","ping_status":"closed","template":"","meta":{"_themeisle_gutenberg_block_has_review":false,"_ti_tpc_template_sync":false,"_ti_tpc_template_id":"","footnotes":""},"class_list":["post-1128","page","type-page","status-publish","hentry"],"_links":{"self":[{"href":"https:\/\/itumtal.com\/index.php\/wp-json\/wp\/v2\/pages\/1128","targetHints":{"allow":["GET"]}}],"collection":[{"href":"https:\/\/itumtal.com\/index.php\/wp-json\/wp\/v2\/pages"}],"about":[{"href":"https:\/\/itumtal.com\/index.php\/wp-json\/wp\/v2\/types\/page"}],"author":[{"embeddable":true,"href":"https:\/\/itumtal.com\/index.php\/wp-json\/wp\/v2\/users\/1"}],"replies":[{"embeddable":true,"href":"https:\/\/itumtal.com\/index.php\/wp-json\/wp\/v2\/comments?post=1128"}],"version-history":[{"count":1,"href":"https:\/\/itumtal.com\/index.php\/wp-json\/wp\/v2\/pages\/1128\/revisions"}],"predecessor-version":[{"id":1147,"href":"https:\/\/itumtal.com\/index.php\/wp-json\/wp\/v2\/pages\/1128\/revisions\/1147"}],"wp:attachment":[{"href":"https:\/\/itumtal.com\/index.php\/wp-json\/wp\/v2\/media?parent=1128"}],"curies":[{"name":"wp","href":"https:\/\/api.w.org\/{rel}","templated":true}]}}